{"id":976,"date":"2020-10-25T19:44:29","date_gmt":"2020-10-25T18:44:29","guid":{"rendered":"http:\/\/florence.schaeffer-lancelot.fr\/?page_id=976"},"modified":"2022-06-23T19:06:34","modified_gmt":"2022-06-23T17:06:34","slug":"qui-suis-je","status":"publish","type":"page","link":"https:\/\/florence.schaeffer-lancelot.fr\/index.php\/qui-suis-je\/","title":{"rendered":"Qui suis-je ?"},"content":{"rendered":"\t\t<div data-elementor-type=\"wp-page\" data-elementor-id=\"976\" class=\"elementor elementor-976\" data-elementor-settings=\"[]\">\n\t\t\t\t\t\t<div class=\"elementor-inner\">\n\t\t\t\t\t\t\t<div class=\"elementor-section-wrap\">\n\t\t\t\t\t\t\t<section class=\"elementor-section elementor-top-section elementor-element elementor-element-c2e342e elementor-section-boxed elementor-section-height-default elementor-section-height-default\" data-id=\"c2e342e\" data-element_type=\"section\" data-settings=\"{&quot;background_background&quot;:&quot;video&quot;,&quot;shape_divider_top&quot;:&quot;mountains&quot;}\">\n\t\t\t\t\t<div class=\"elementor-shape elementor-shape-top\" data-negative=\"false\">\n\t\t\t<svg xmlns=\"http:\/\/www.w3.org\/2000\/svg\" viewBox=\"0 0 1000 100\" preserveAspectRatio=\"none\">\n\t<path class=\"elementor-shape-fill\" opacity=\"0.33\" d=\"M473,67.3c-203.9,88.3-263.1-34-320.3,0C66,119.1,0,59.7,0,59.7V0h1000v59.7 c0,0-62.1,26.1-94.9,29.3c-32.8,3.3-62.8-12.3-75.8-22.1C806,49.6,745.3,8.7,694.9,4.7S492.4,59,473,67.3z\"\/>\n\t<path class=\"elementor-shape-fill\" opacity=\"0.66\" d=\"M734,67.3c-45.5,0-77.2-23.2-129.1-39.1c-28.6-8.7-150.3-10.1-254,39.1 s-91.7-34.4-149.2,0C115.7,118.3,0,39.8,0,39.8V0h1000v36.5c0,0-28.2-18.5-92.1-18.5C810.2,18.1,775.7,67.3,734,67.3z\"\/>\n\t<path class=\"elementor-shape-fill\" d=\"M766.1,28.9c-200-57.5-266,65.5-395.1,19.5C242,1.8,242,5.4,184.8,20.6C128,35.8,132.3,44.9,89.9,52.5C28.6,63.7,0,0,0,0 h1000c0,0-9.9,40.9-83.6,48.1S829.6,47,766.1,28.9z\"\/>\n<\/svg>\t\t<\/div>\n\t\t\t\t\t<div class=\"elementor-container elementor-column-gap-default\">\n\t\t\t\t\t\t\t<div class=\"elementor-row\">\n\t\t\t\t\t<div class=\"elementor-column elementor-col-50 elementor-top-column elementor-element elementor-element-9406d0c\" data-id=\"9406d0c\" data-element_type=\"column\">\n\t\t\t<div class=\"elementor-column-wrap elementor-element-populated\">\n\t\t\t\t\t\t\t<div class=\"elementor-widget-wrap\">\n\t\t\t\t\t\t<div class=\"elementor-element elementor-element-358b079 elementor-widget elementor-widget-spacer\" data-id=\"358b079\" data-element_type=\"widget\" data-widget_type=\"spacer.default\">\n\t\t\t\t<div class=\"elementor-widget-container\">\n\t\t\t\t\t<div class=\"elementor-spacer\">\n\t\t\t<div class=\"elementor-spacer-inner\"><\/div>\n\t\t<\/div>\n\t\t\t\t<\/div>\n\t\t\t\t<\/div>\n\t\t\t\t<section class=\"elementor-section elementor-inner-section elementor-element elementor-element-592967c elementor-section-boxed elementor-section-height-default elementor-section-height-default\" data-id=\"592967c\" data-element_type=\"section\" data-settings=\"{&quot;background_background&quot;:&quot;classic&quot;}\">\n\t\t\t\t\t\t<div class=\"elementor-container elementor-column-gap-default\">\n\t\t\t\t\t\t\t<div class=\"elementor-row\">\n\t\t\t\t\t<div class=\"elementor-column elementor-col-100 elementor-inner-column elementor-element elementor-element-6bfebc5\" data-id=\"6bfebc5\" data-element_type=\"column\" data-settings=\"{&quot;background_background&quot;:&quot;classic&quot;}\">\n\t\t\t<div class=\"elementor-column-wrap elementor-element-populated\">\n\t\t\t\t\t\t\t<div class=\"elementor-widget-wrap\">\n\t\t\t\t\t\t<div class=\"elementor-element elementor-element-b55ee21 elementor-widget elementor-widget-spacer\" data-id=\"b55ee21\" data-element_type=\"widget\" data-widget_type=\"spacer.default\">\n\t\t\t\t<div class=\"elementor-widget-container\">\n\t\t\t\t\t<div class=\"elementor-spacer\">\n\t\t\t<div class=\"elementor-spacer-inner\"><\/div>\n\t\t<\/div>\n\t\t\t\t<\/div>\n\t\t\t\t<\/div>\n\t\t\t\t<div class=\"elementor-element elementor-element-319fffc elementor-widget elementor-widget-heading\" data-id=\"319fffc\" data-element_type=\"widget\" data-widget_type=\"heading.default\">\n\t\t\t\t<div class=\"elementor-widget-container\">\n\t\t\t<h2 class=\"elementor-heading-title elementor-size-large\">Mon Univers<\/h2>\t\t<\/div>\n\t\t\t\t<\/div>\n\t\t\t\t<div class=\"elementor-element elementor-element-27a2edd elementor-widget-divider--view-line elementor-widget elementor-widget-divider\" data-id=\"27a2edd\" data-element_type=\"widget\" data-widget_type=\"divider.default\">\n\t\t\t\t<div class=\"elementor-widget-container\">\n\t\t\t\t\t<div class=\"elementor-divider\">\n\t\t\t<span class=\"elementor-divider-separator\">\n\t\t\t\t\t\t<\/span>\n\t\t<\/div>\n\t\t\t\t<\/div>\n\t\t\t\t<\/div>\n\t\t\t\t<div class=\"elementor-element elementor-element-307f584 elementor-widget__width-initial elementor-widget elementor-widget-text-editor\" data-id=\"307f584\" data-element_type=\"widget\" data-widget_type=\"text-editor.default\">\n\t\t\t\t<div class=\"elementor-widget-container\">\n\t\t\t\t\t<div class=\"elementor-text-editor elementor-clearfix\"><p><span style=\"color: #333333;\">Mon travail actuel s&rsquo;oriente autour de la M\u00e9moire et du Textile.<\/span><\/p>\n<p><span style=\"color: #333333;\">Je collecte des v\u00eatements anciens, des \u00e9toffes ayant une histoire, t\u00e9moins de vies pass\u00e9es, traces de gestes oubli\u00e9s, je raconte des histoires pour que l&rsquo;on se souvienne, je cr\u00e9e des \u00e9v\u00e8nements participatifs, des ateliers o\u00f9 la mati\u00e8re textile devient langage universel, des robes \u00e0 habiter&#8230;<\/span><\/p>\n<p><span style=\"color: #333333;\">J\u2019adore travailler sur le th\u00e8me du corps. Je m\u2019inspire beaucoup de la peinture de la Renaissance avec ses gestes tr\u00e8s codifi\u00e9s et symboliques : Le Titien, Rembrandt, l\u2019\u00c9cole de Fontainebleau sont autant de sources d\u2019inspiration pour ma propre vision de la repr\u00e9sentation du corps et de leur gestuelle.<\/span><\/p>\n<p><span style=\"color: #333333;\"><strong>Le ton ?<\/strong>\u00a0Intriguant, d\u00e9cal\u00e9, faussement insouciant<\/span><\/p>\n<p><span style=\"color: #333333;\"><strong>Mon univers ?<\/strong>\u00a0all\u00e9gorique, empreint de symboles et de sensualit\u00e9.<\/span><\/p>\n<p><span style=\"color: #333333;\"><strong>L\u2019expression ?<\/strong>\u00a0\u00ab\u00a0Ba-Rock\u00a0\u00bb, tr\u00e8s charg\u00e9e en formes, couleurs et textures, des ex-votos, des poup\u00e9es chamaniques, cousues, moul\u00e9es, imprim\u00e9es, brod\u00e9es&#8230; des monochromes de v\u00eatements blancs suspendus.<\/span><\/p>\n<p><span style=\"color: #333333;\"><strong>Ma qu\u00eate ?<\/strong>\u00a0Apporter des instants de bonheur, cr\u00e9er des \u00e9motions, transmettre des messages et obliger le public \u00e0 r\u00e9agir.<\/span><\/p>\n<p><span style=\"color: #333333;\"><strong>Le r\u00e9sultat ?<\/strong>\u00a0Des installations po\u00e9tiques et d\u00e9cal\u00e9es\u2026<\/span><\/p><\/div>\n\t\t\t\t<\/div>\n\t\t\t\t<\/div>\n\t\t\t\t<div class=\"elementor-element elementor-element-34c0fbe elementor-widget elementor-widget-spacer\" data-id=\"34c0fbe\" data-element_type=\"widget\" data-widget_type=\"spacer.default\">\n\t\t\t\t<div class=\"elementor-widget-container\">\n\t\t\t\t\t<div class=\"elementor-spacer\">\n\t\t\t<div class=\"elementor-spacer-inner\"><\/div>\n\t\t<\/div>\n\t\t\t\t<\/div>\n\t\t\t\t<\/div>\n\t\t\t\t\t\t<\/div>\n\t\t\t\t\t<\/div>\n\t\t<\/div>\n\t\t\t\t\t\t\t\t<\/div>\n\t\t\t\t\t<\/div>\n\t\t<\/section>\n\t\t\t\t<div class=\"elementor-element elementor-element-2d05e7f elementor-widget elementor-widget-spacer\" data-id=\"2d05e7f\" data-element_type=\"widget\" data-widget_type=\"spacer.default\">\n\t\t\t\t<div class=\"elementor-widget-container\">\n\t\t\t\t\t<div class=\"elementor-spacer\">\n\t\t\t<div class=\"elementor-spacer-inner\"><\/div>\n\t\t<\/div>\n\t\t\t\t<\/div>\n\t\t\t\t<\/div>\n\t\t\t\t\t\t<\/div>\n\t\t\t\t\t<\/div>\n\t\t<\/div>\n\t\t\t\t<div class=\"elementor-column elementor-col-50 elementor-top-column elementor-element elementor-element-2a95fcf\" data-id=\"2a95fcf\" data-element_type=\"column\" data-settings=\"{&quot;background_background&quot;:&quot;classic&quot;}\">\n\t\t\t<div class=\"elementor-column-wrap elementor-element-populated\">\n\t\t\t\t\t\t\t<div class=\"elementor-widget-wrap\">\n\t\t\t\t\t\t<div class=\"elementor-element elementor-element-6a997ff elementor-widget elementor-widget-spacer\" data-id=\"6a997ff\" data-element_type=\"widget\" data-widget_type=\"spacer.default\">\n\t\t\t\t<div class=\"elementor-widget-container\">\n\t\t\t\t\t<div class=\"elementor-spacer\">\n\t\t\t<div class=\"elementor-spacer-inner\"><\/div>\n\t\t<\/div>\n\t\t\t\t<\/div>\n\t\t\t\t<\/div>\n\t\t\t\t\t\t<\/div>\n\t\t\t\t\t<\/div>\n\t\t<\/div>\n\t\t\t\t\t\t\t\t<\/div>\n\t\t\t\t\t<\/div>\n\t\t<\/section>\n\t\t\t\t<section class=\"elementor-section elementor-top-section elementor-element elementor-element-1ac24b7 elementor-section-boxed elementor-section-height-default elementor-section-height-default\" data-id=\"1ac24b7\" data-element_type=\"section\">\n\t\t\t\t\t\t<div class=\"elementor-container elementor-column-gap-default\">\n\t\t\t\t\t\t\t<div class=\"elementor-row\">\n\t\t\t\t\t<div class=\"elementor-column elementor-col-100 elementor-top-column elementor-element elementor-element-ec751db\" data-id=\"ec751db\" data-element_type=\"column\">\n\t\t\t<div class=\"elementor-column-wrap\">\n\t\t\t\t\t\t\t<div class=\"elementor-widget-wrap\">\n\t\t\t\t\t\t\t\t<\/div>\n\t\t\t\t\t<\/div>\n\t\t<\/div>\n\t\t\t\t\t\t\t\t<\/div>\n\t\t\t\t\t<\/div>\n\t\t<\/section>\n\t\t\t\t<section class=\"elementor-section elementor-top-section elementor-element elementor-element-abc874c elementor-section-boxed elementor-section-height-default elementor-section-height-default\" data-id=\"abc874c\" data-element_type=\"section\">\n\t\t\t\t\t\t<div class=\"elementor-container elementor-column-gap-default\">\n\t\t\t\t\t\t\t<div class=\"elementor-row\">\n\t\t\t\t\t<div class=\"elementor-column elementor-col-100 elementor-top-column elementor-element elementor-element-b1d0a98\" data-id=\"b1d0a98\" data-element_type=\"column\">\n\t\t\t<div class=\"elementor-column-wrap elementor-element-populated\">\n\t\t\t\t\t\t\t<div class=\"elementor-widget-wrap\">\n\t\t\t\t\t\t<div class=\"elementor-element elementor-element-692a530 elementor-widget elementor-widget-image\" data-id=\"692a530\" data-element_type=\"widget\" data-widget_type=\"image.default\">\n\t\t\t\t<div class=\"elementor-widget-container\">\n\t\t\t\t\t<div class=\"elementor-image\">\n\t\t\t\t\t\t\t\t\t\t<img loading=\"lazy\" decoding=\"async\" width=\"768\" height=\"768\" src=\"https:\/\/florence.schaeffer-lancelot.fr\/wp-content\/uploads\/2022\/06\/Photo-Flo-2022.jpg\" class=\"attachment-large size-large\" alt=\"\" srcset=\"https:\/\/florence.schaeffer-lancelot.fr\/wp-content\/uploads\/2022\/06\/Photo-Flo-2022.jpg 768w, https:\/\/florence.schaeffer-lancelot.fr\/wp-content\/uploads\/2022\/06\/Photo-Flo-2022-300x300.jpg 300w, https:\/\/florence.schaeffer-lancelot.fr\/wp-content\/uploads\/2022\/06\/Photo-Flo-2022-150x150.jpg 150w\" sizes=\"(max-width: 768px) 100vw, 768px\" \/>\t\t\t\t\t\t\t\t\t\t\t<\/div>\n\t\t\t\t<\/div>\n\t\t\t\t<\/div>\n\t\t\t\t\t\t<\/div>\n\t\t\t\t\t<\/div>\n\t\t<\/div>\n\t\t\t\t\t\t\t\t<\/div>\n\t\t\t\t\t<\/div>\n\t\t<\/section>\n\t\t\t\t\t\t<\/div>\n\t\t\t\t\t\t<\/div>\n\t\t\t\t\t<\/div>\n\t\t","protected":false},"excerpt":{"rendered":"<p>Mon Univers Mon travail actuel s&rsquo;oriente autour de la M\u00e9moire et du Textile. Je collecte des v\u00eatements anciens, des \u00e9toffes ayant une histoire, t\u00e9moins de [&hellip;]<\/p>\n","protected":false},"author":1,"featured_media":0,"parent":0,"menu_order":0,"comment_status":"closed","ping_status":"closed","template":"elementor_header_footer","meta":{"ngg_post_thumbnail":0,"footnotes":""},"class_list":["post-976","page","type-page","status-publish","hentry"],"_links":{"self":[{"href":"https:\/\/florence.schaeffer-lancelot.fr\/index.php\/wp-json\/wp\/v2\/pages\/976"}],"collection":[{"href":"https:\/\/florence.schaeffer-lancelot.fr\/index.php\/wp-json\/wp\/v2\/pages"}],"about":[{"href":"https:\/\/florence.schaeffer-lancelot.fr\/index.php\/wp-json\/wp\/v2\/types\/page"}],"author":[{"embeddable":true,"href":"https:\/\/florence.schaeffer-lancelot.fr\/index.php\/wp-json\/wp\/v2\/users\/1"}],"replies":[{"embeddable":true,"href":"https:\/\/florence.schaeffer-lancelot.fr\/index.php\/wp-json\/wp\/v2\/comments?post=976"}],"version-history":[{"count":65,"href":"https:\/\/florence.schaeffer-lancelot.fr\/index.php\/wp-json\/wp\/v2\/pages\/976\/revisions"}],"predecessor-version":[{"id":1486,"href":"https:\/\/florence.schaeffer-lancelot.fr\/index.php\/wp-json\/wp\/v2\/pages\/976\/revisions\/1486"}],"wp:attachment":[{"href":"https:\/\/florence.schaeffer-lancelot.fr\/index.php\/wp-json\/wp\/v2\/media?parent=976"}],"curies":[{"name":"wp","href":"https:\/\/api.w.org\/{rel}","templated":true}]}}