{"id":1142,"date":"2020-10-29T18:44:48","date_gmt":"2020-10-29T17:44:48","guid":{"rendered":"http:\/\/florence.schaeffer-lancelot.fr\/?page_id=1142"},"modified":"2020-12-30T19:06:52","modified_gmt":"2020-12-30T18:06:52","slug":"installations","status":"publish","type":"page","link":"https:\/\/florence.schaeffer-lancelot.fr\/index.php\/installations\/","title":{"rendered":"Installations"},"content":{"rendered":"\t\t<div data-elementor-type=\"wp-page\" data-elementor-id=\"1142\" class=\"elementor elementor-1142\" data-elementor-settings=\"[]\">\n\t\t\t\t\t\t<div class=\"elementor-inner\">\n\t\t\t\t\t\t\t<div class=\"elementor-section-wrap\">\n\t\t\t\t\t\t\t<section class=\"elementor-section elementor-top-section elementor-element elementor-element-7a6fdfb elementor-section-boxed elementor-section-height-default elementor-section-height-default\" data-id=\"7a6fdfb\" data-element_type=\"section\">\n\t\t\t\t\t\t<div class=\"elementor-container elementor-column-gap-default\">\n\t\t\t\t\t\t\t<div class=\"elementor-row\">\n\t\t\t\t\t<div class=\"elementor-column elementor-col-100 elementor-top-column elementor-element elementor-element-d2b849e\" data-id=\"d2b849e\" data-element_type=\"column\">\n\t\t\t<div class=\"elementor-column-wrap elementor-element-populated\">\n\t\t\t\t\t\t\t<div class=\"elementor-widget-wrap\">\n\t\t\t\t\t\t<div class=\"elementor-element elementor-element-6df4fb8 elementor-widget elementor-widget-heading\" data-id=\"6df4fb8\" data-element_type=\"widget\" data-widget_type=\"heading.default\">\n\t\t\t\t<div class=\"elementor-widget-container\">\n\t\t\t<h2 class=\"elementor-heading-title elementor-size-medium\">Juillet 2020<\/h2>\t\t<\/div>\n\t\t\t\t<\/div>\n\t\t\t\t<div class=\"elementor-element elementor-element-10f0675 elementor-widget elementor-widget-text-editor\" data-id=\"10f0675\" data-element_type=\"widget\" data-widget_type=\"text-editor.default\">\n\t\t\t\t<div class=\"elementor-widget-container\">\n\t\t\t\t\t<div class=\"elementor-text-editor elementor-clearfix\"><p>Installation sur le th\u00e8me de la Loire &#8211; en cours de r\u00e9alisation&#8230;<\/p><\/div>\n\t\t\t\t<\/div>\n\t\t\t\t<\/div>\n\t\t\t\t<div class=\"elementor-element elementor-element-c96c896 gallery-spacing-custom elementor-widget elementor-widget-image-gallery\" data-id=\"c96c896\" data-element_type=\"widget\" data-widget_type=\"image-gallery.default\">\n\t\t\t\t<div class=\"elementor-widget-container\">\n\t\t\t\t\t<div class=\"elementor-image-gallery\">\n\t\t\t<div id='gallery-1' class='gallery galleryid-1142 gallery-columns-4 gallery-size-post-thumbnail'><figure class='gallery-item'>\n\t\t\t<div class='gallery-icon landscape'>\n\t\t\t\t<a data-elementor-open-lightbox=\"yes\" data-elementor-lightbox-slideshow=\"c96c896\" data-elementor-lightbox-title=\"sph\u00e8re textile enti\u00e8re\" href='https:\/\/florence.schaeffer-lancelot.fr\/wp-content\/uploads\/2020\/10\/sphere-textile-entiere-1-2.jpg'><img loading=\"lazy\" decoding=\"async\" width=\"600\" height=\"800\" src=\"https:\/\/florence.schaeffer-lancelot.fr\/wp-content\/uploads\/2020\/10\/sphere-textile-entiere-1-2-600x800.jpg\" class=\"attachment-post-thumbnail size-post-thumbnail\" alt=\"\" \/><\/a>\n\t\t\t<\/div><\/figure><figure class='gallery-item'>\n\t\t\t<div class='gallery-icon portrait'>\n\t\t\t\t<a data-elementor-open-lightbox=\"yes\" data-elementor-lightbox-slideshow=\"c96c896\" data-elementor-lightbox-title=\"Detail sph\u00e8re textile V1\" href='https:\/\/florence.schaeffer-lancelot.fr\/wp-content\/uploads\/2020\/10\/Detail-sphere-textile-V1-1.jpg'><img loading=\"lazy\" decoding=\"async\" width=\"600\" height=\"800\" src=\"https:\/\/florence.schaeffer-lancelot.fr\/wp-content\/uploads\/2020\/10\/Detail-sphere-textile-V1-1-600x800.jpg\" class=\"attachment-post-thumbnail size-post-thumbnail\" alt=\"\" \/><\/a>\n\t\t\t<\/div><\/figure>\n\t\t<\/div>\n\t\t<\/div>\n\t\t\t\t<\/div>\n\t\t\t\t<\/div>\n\t\t\t\t\t\t<\/div>\n\t\t\t\t\t<\/div>\n\t\t<\/div>\n\t\t\t\t\t\t\t\t<\/div>\n\t\t\t\t\t<\/div>\n\t\t<\/section>\n\t\t\t\t<section class=\"elementor-section elementor-top-section elementor-element elementor-element-daf6379 elementor-section-boxed elementor-section-height-default elementor-section-height-default\" data-id=\"daf6379\" data-element_type=\"section\">\n\t\t\t\t\t\t<div class=\"elementor-container elementor-column-gap-default\">\n\t\t\t\t\t\t\t<div class=\"elementor-row\">\n\t\t\t\t\t<div class=\"elementor-column elementor-col-100 elementor-top-column elementor-element elementor-element-3a1041d\" data-id=\"3a1041d\" data-element_type=\"column\">\n\t\t\t<div class=\"elementor-column-wrap elementor-element-populated\">\n\t\t\t\t\t\t\t<div class=\"elementor-widget-wrap\">\n\t\t\t\t\t\t<div class=\"elementor-element elementor-element-7f3e4b3 elementor-widget elementor-widget-spacer\" data-id=\"7f3e4b3\" data-element_type=\"widget\" data-widget_type=\"spacer.default\">\n\t\t\t\t<div class=\"elementor-widget-container\">\n\t\t\t\t\t<div class=\"elementor-spacer\">\n\t\t\t<div class=\"elementor-spacer-inner\"><\/div>\n\t\t<\/div>\n\t\t\t\t<\/div>\n\t\t\t\t<\/div>\n\t\t\t\t\t\t<\/div>\n\t\t\t\t\t<\/div>\n\t\t<\/div>\n\t\t\t\t\t\t\t\t<\/div>\n\t\t\t\t\t<\/div>\n\t\t<\/section>\n\t\t\t\t<section class=\"elementor-section elementor-top-section elementor-element elementor-element-8198292 elementor-section-boxed elementor-section-height-default elementor-section-height-default\" data-id=\"8198292\" data-element_type=\"section\">\n\t\t\t\t\t\t<div class=\"elementor-container elementor-column-gap-default\">\n\t\t\t\t\t\t\t<div class=\"elementor-row\">\n\t\t\t\t\t<div class=\"elementor-column elementor-col-100 elementor-top-column elementor-element elementor-element-1f0301d\" data-id=\"1f0301d\" data-element_type=\"column\">\n\t\t\t<div class=\"elementor-column-wrap elementor-element-populated\">\n\t\t\t\t\t\t\t<div class=\"elementor-widget-wrap\">\n\t\t\t\t\t\t<div class=\"elementor-element elementor-element-69f6fbe elementor-widget elementor-widget-heading\" data-id=\"69f6fbe\" data-element_type=\"widget\" data-widget_type=\"heading.default\">\n\t\t\t\t<div class=\"elementor-widget-container\">\n\t\t\t<h2 class=\"elementor-heading-title elementor-size-medium\">2015<\/h2>\t\t<\/div>\n\t\t\t\t<\/div>\n\t\t\t\t<div class=\"elementor-element elementor-element-bcc5d39 elementor-widget elementor-widget-text-editor\" data-id=\"bcc5d39\" data-element_type=\"widget\" data-widget_type=\"text-editor.default\">\n\t\t\t\t<div class=\"elementor-widget-container\">\n\t\t\t\t\t<div class=\"elementor-text-editor elementor-clearfix\"><p>Exposition M\u00e9moire Textile &#8211; Installation \u00e0 la Galerie du Minage &#8211; Clisson\u00a0<\/p><\/div>\n\t\t\t\t<\/div>\n\t\t\t\t<\/div>\n\t\t\t\t<div class=\"elementor-element elementor-element-4730452 gallery-spacing-custom elementor-widget elementor-widget-image-gallery\" data-id=\"4730452\" data-element_type=\"widget\" data-widget_type=\"image-gallery.default\">\n\t\t\t\t<div class=\"elementor-widget-container\">\n\t\t\t\t\t<div class=\"elementor-image-gallery\">\n\t\t\t<div id='gallery-2' class='gallery galleryid-1142 gallery-columns-4 gallery-size-post-thumbnail'><figure class='gallery-item'>\n\t\t\t<div class='gallery-icon portrait'>\n\t\t\t\t<a data-elementor-open-lightbox=\"yes\" data-elementor-lightbox-slideshow=\"4730452\" data-elementor-lightbox-title=\"IMG_4818\" href='https:\/\/florence.schaeffer-lancelot.fr\/wp-content\/uploads\/2020\/10\/IMG_4818-1-scaled.jpg'><img loading=\"lazy\" decoding=\"async\" width=\"600\" height=\"800\" src=\"https:\/\/florence.schaeffer-lancelot.fr\/wp-content\/uploads\/2020\/10\/IMG_4818-1-600x800.jpg\" class=\"attachment-post-thumbnail size-post-thumbnail\" alt=\"\" srcset=\"https:\/\/florence.schaeffer-lancelot.fr\/wp-content\/uploads\/2020\/10\/IMG_4818-1-600x800.jpg 600w, https:\/\/florence.schaeffer-lancelot.fr\/wp-content\/uploads\/2020\/10\/IMG_4818-1-224x300.jpg 224w\" sizes=\"(max-width: 600px) 100vw, 600px\" \/><\/a>\n\t\t\t<\/div><\/figure><figure class='gallery-item'>\n\t\t\t<div class='gallery-icon portrait'>\n\t\t\t\t<a data-elementor-open-lightbox=\"yes\" data-elementor-lightbox-slideshow=\"4730452\" data-elementor-lightbox-title=\"IMG_4830\" href='https:\/\/florence.schaeffer-lancelot.fr\/wp-content\/uploads\/2020\/10\/IMG_4830-scaled.jpg'><img loading=\"lazy\" decoding=\"async\" width=\"600\" height=\"800\" src=\"https:\/\/florence.schaeffer-lancelot.fr\/wp-content\/uploads\/2020\/10\/IMG_4830-600x800.jpg\" class=\"attachment-post-thumbnail size-post-thumbnail\" alt=\"\" srcset=\"https:\/\/florence.schaeffer-lancelot.fr\/wp-content\/uploads\/2020\/10\/IMG_4830-600x800.jpg 600w, https:\/\/florence.schaeffer-lancelot.fr\/wp-content\/uploads\/2020\/10\/IMG_4830-224x300.jpg 224w\" sizes=\"(max-width: 600px) 100vw, 600px\" \/><\/a>\n\t\t\t<\/div><\/figure><figure class='gallery-item'>\n\t\t\t<div class='gallery-icon portrait'>\n\t\t\t\t<a data-elementor-open-lightbox=\"yes\" data-elementor-lightbox-slideshow=\"4730452\" data-elementor-lightbox-title=\"IMG_4850\" href='https:\/\/florence.schaeffer-lancelot.fr\/wp-content\/uploads\/2020\/10\/IMG_4850-scaled.jpg'><img loading=\"lazy\" decoding=\"async\" width=\"600\" height=\"800\" src=\"https:\/\/florence.schaeffer-lancelot.fr\/wp-content\/uploads\/2020\/10\/IMG_4850-600x800.jpg\" class=\"attachment-post-thumbnail size-post-thumbnail\" alt=\"\" srcset=\"https:\/\/florence.schaeffer-lancelot.fr\/wp-content\/uploads\/2020\/10\/IMG_4850-600x800.jpg 600w, https:\/\/florence.schaeffer-lancelot.fr\/wp-content\/uploads\/2020\/10\/IMG_4850-224x300.jpg 224w\" sizes=\"(max-width: 600px) 100vw, 600px\" \/><\/a>\n\t\t\t<\/div><\/figure><figure class='gallery-item'>\n\t\t\t<div class='gallery-icon portrait'>\n\t\t\t\t<a data-elementor-open-lightbox=\"yes\" data-elementor-lightbox-slideshow=\"4730452\" data-elementor-lightbox-title=\"DSCN0522\" href='https:\/\/florence.schaeffer-lancelot.fr\/wp-content\/uploads\/2020\/10\/DSCN0522-scaled.jpg'><img loading=\"lazy\" decoding=\"async\" width=\"600\" height=\"800\" src=\"https:\/\/florence.schaeffer-lancelot.fr\/wp-content\/uploads\/2020\/10\/DSCN0522-600x800.jpg\" class=\"attachment-post-thumbnail size-post-thumbnail\" alt=\"\" srcset=\"https:\/\/florence.schaeffer-lancelot.fr\/wp-content\/uploads\/2020\/10\/DSCN0522-600x800.jpg 600w, https:\/\/florence.schaeffer-lancelot.fr\/wp-content\/uploads\/2020\/10\/DSCN0522-225x300.jpg 225w, https:\/\/florence.schaeffer-lancelot.fr\/wp-content\/uploads\/2020\/10\/DSCN0522-768x1024.jpg 768w, https:\/\/florence.schaeffer-lancelot.fr\/wp-content\/uploads\/2020\/10\/DSCN0522-1152x1536.jpg 1152w, https:\/\/florence.schaeffer-lancelot.fr\/wp-content\/uploads\/2020\/10\/DSCN0522-1536x2048.jpg 1536w, https:\/\/florence.schaeffer-lancelot.fr\/wp-content\/uploads\/2020\/10\/DSCN0522-scaled.jpg 1920w\" sizes=\"(max-width: 600px) 100vw, 600px\" \/><\/a>\n\t\t\t<\/div><\/figure><figure class='gallery-item'>\n\t\t\t<div class='gallery-icon portrait'>\n\t\t\t\t<a data-elementor-open-lightbox=\"yes\" data-elementor-lightbox-slideshow=\"4730452\" data-elementor-lightbox-title=\"DSCN0503\" href='https:\/\/florence.schaeffer-lancelot.fr\/wp-content\/uploads\/2020\/10\/DSCN0503-scaled.jpg'><img loading=\"lazy\" decoding=\"async\" width=\"600\" height=\"800\" src=\"https:\/\/florence.schaeffer-lancelot.fr\/wp-content\/uploads\/2020\/10\/DSCN0503-600x800.jpg\" class=\"attachment-post-thumbnail size-post-thumbnail\" alt=\"\" srcset=\"https:\/\/florence.schaeffer-lancelot.fr\/wp-content\/uploads\/2020\/10\/DSCN0503-600x800.jpg 600w, https:\/\/florence.schaeffer-lancelot.fr\/wp-content\/uploads\/2020\/10\/DSCN0503-225x300.jpg 225w, https:\/\/florence.schaeffer-lancelot.fr\/wp-content\/uploads\/2020\/10\/DSCN0503-768x1024.jpg 768w, https:\/\/florence.schaeffer-lancelot.fr\/wp-content\/uploads\/2020\/10\/DSCN0503-1152x1536.jpg 1152w, https:\/\/florence.schaeffer-lancelot.fr\/wp-content\/uploads\/2020\/10\/DSCN0503-1536x2048.jpg 1536w, https:\/\/florence.schaeffer-lancelot.fr\/wp-content\/uploads\/2020\/10\/DSCN0503-scaled.jpg 1920w\" sizes=\"(max-width: 600px) 100vw, 600px\" \/><\/a>\n\t\t\t<\/div><\/figure><figure class='gallery-item'>\n\t\t\t<div class='gallery-icon portrait'>\n\t\t\t\t<a data-elementor-open-lightbox=\"yes\" data-elementor-lightbox-slideshow=\"4730452\" data-elementor-lightbox-title=\"IMG_4947\" href='https:\/\/florence.schaeffer-lancelot.fr\/wp-content\/uploads\/2020\/10\/IMG_4947-scaled.jpg'><img loading=\"lazy\" decoding=\"async\" width=\"600\" height=\"800\" src=\"https:\/\/florence.schaeffer-lancelot.fr\/wp-content\/uploads\/2020\/10\/IMG_4947-600x800.jpg\" class=\"attachment-post-thumbnail size-post-thumbnail\" alt=\"\" srcset=\"https:\/\/florence.schaeffer-lancelot.fr\/wp-content\/uploads\/2020\/10\/IMG_4947-600x800.jpg 600w, https:\/\/florence.schaeffer-lancelot.fr\/wp-content\/uploads\/2020\/10\/IMG_4947-224x300.jpg 224w\" sizes=\"(max-width: 600px) 100vw, 600px\" \/><\/a>\n\t\t\t<\/div><\/figure><figure class='gallery-item'>\n\t\t\t<div class='gallery-icon portrait'>\n\t\t\t\t<a data-elementor-open-lightbox=\"yes\" data-elementor-lightbox-slideshow=\"4730452\" data-elementor-lightbox-title=\"DSC_0240\" href='https:\/\/florence.schaeffer-lancelot.fr\/wp-content\/uploads\/2020\/10\/DSC_0240-scaled.jpg'><img loading=\"lazy\" decoding=\"async\" width=\"600\" height=\"800\" src=\"https:\/\/florence.schaeffer-lancelot.fr\/wp-content\/uploads\/2020\/10\/DSC_0240-600x800.jpg\" class=\"attachment-post-thumbnail size-post-thumbnail\" alt=\"\" \/><\/a>\n\t\t\t<\/div><\/figure><figure class='gallery-item'>\n\t\t\t<div class='gallery-icon portrait'>\n\t\t\t\t<a data-elementor-open-lightbox=\"yes\" data-elementor-lightbox-slideshow=\"4730452\" data-elementor-lightbox-title=\"IMG_4848\" href='https:\/\/florence.schaeffer-lancelot.fr\/wp-content\/uploads\/2020\/10\/IMG_4848-scaled.jpg'><img loading=\"lazy\" decoding=\"async\" width=\"600\" height=\"800\" src=\"https:\/\/florence.schaeffer-lancelot.fr\/wp-content\/uploads\/2020\/10\/IMG_4848-600x800.jpg\" class=\"attachment-post-thumbnail size-post-thumbnail\" alt=\"\" srcset=\"https:\/\/florence.schaeffer-lancelot.fr\/wp-content\/uploads\/2020\/10\/IMG_4848-600x800.jpg 600w, https:\/\/florence.schaeffer-lancelot.fr\/wp-content\/uploads\/2020\/10\/IMG_4848-224x300.jpg 224w\" sizes=\"(max-width: 600px) 100vw, 600px\" \/><\/a>\n\t\t\t<\/div><\/figure><figure class='gallery-item'>\n\t\t\t<div class='gallery-icon portrait'>\n\t\t\t\t<a data-elementor-open-lightbox=\"yes\" data-elementor-lightbox-slideshow=\"4730452\" data-elementor-lightbox-title=\"IMG_4843\" href='https:\/\/florence.schaeffer-lancelot.fr\/wp-content\/uploads\/2020\/10\/IMG_4843-scaled.jpg'><img loading=\"lazy\" decoding=\"async\" width=\"600\" height=\"800\" src=\"https:\/\/florence.schaeffer-lancelot.fr\/wp-content\/uploads\/2020\/10\/IMG_4843-600x800.jpg\" class=\"attachment-post-thumbnail size-post-thumbnail\" alt=\"\" srcset=\"https:\/\/florence.schaeffer-lancelot.fr\/wp-content\/uploads\/2020\/10\/IMG_4843-600x800.jpg 600w, https:\/\/florence.schaeffer-lancelot.fr\/wp-content\/uploads\/2020\/10\/IMG_4843-224x300.jpg 224w\" sizes=\"(max-width: 600px) 100vw, 600px\" \/><\/a>\n\t\t\t<\/div><\/figure><figure class='gallery-item'>\n\t\t\t<div class='gallery-icon portrait'>\n\t\t\t\t<a data-elementor-open-lightbox=\"yes\" data-elementor-lightbox-slideshow=\"4730452\" data-elementor-lightbox-title=\"IMG_4909\" href='https:\/\/florence.schaeffer-lancelot.fr\/wp-content\/uploads\/2020\/10\/IMG_4909-scaled.jpg'><img loading=\"lazy\" decoding=\"async\" width=\"600\" height=\"800\" src=\"https:\/\/florence.schaeffer-lancelot.fr\/wp-content\/uploads\/2020\/10\/IMG_4909-600x800.jpg\" class=\"attachment-post-thumbnail size-post-thumbnail\" alt=\"\" srcset=\"https:\/\/florence.schaeffer-lancelot.fr\/wp-content\/uploads\/2020\/10\/IMG_4909-600x800.jpg 600w, https:\/\/florence.schaeffer-lancelot.fr\/wp-content\/uploads\/2020\/10\/IMG_4909-224x300.jpg 224w\" sizes=\"(max-width: 600px) 100vw, 600px\" \/><\/a>\n\t\t\t<\/div><\/figure><figure class='gallery-item'>\n\t\t\t<div class='gallery-icon portrait'>\n\t\t\t\t<a data-elementor-open-lightbox=\"yes\" data-elementor-lightbox-slideshow=\"4730452\" data-elementor-lightbox-title=\"S\u00e9rie Geishas\" href='https:\/\/florence.schaeffer-lancelot.fr\/wp-content\/uploads\/2020\/10\/IMG_4914-scaled.jpg'><img loading=\"lazy\" decoding=\"async\" width=\"600\" height=\"800\" src=\"https:\/\/florence.schaeffer-lancelot.fr\/wp-content\/uploads\/2020\/10\/IMG_4914-600x800.jpg\" class=\"attachment-post-thumbnail size-post-thumbnail\" alt=\"\" srcset=\"https:\/\/florence.schaeffer-lancelot.fr\/wp-content\/uploads\/2020\/10\/IMG_4914-600x800.jpg 600w, https:\/\/florence.schaeffer-lancelot.fr\/wp-content\/uploads\/2020\/10\/IMG_4914-224x300.jpg 224w\" sizes=\"(max-width: 600px) 100vw, 600px\" \/><\/a>\n\t\t\t<\/div><\/figure><figure class='gallery-item'>\n\t\t\t<div class='gallery-icon portrait'>\n\t\t\t\t<a data-elementor-open-lightbox=\"yes\" data-elementor-lightbox-slideshow=\"4730452\" data-elementor-lightbox-title=\"IMG_4861\" href='https:\/\/florence.schaeffer-lancelot.fr\/wp-content\/uploads\/2020\/10\/IMG_4861-scaled.jpg'><img loading=\"lazy\" decoding=\"async\" width=\"600\" height=\"800\" src=\"https:\/\/florence.schaeffer-lancelot.fr\/wp-content\/uploads\/2020\/10\/IMG_4861-600x800.jpg\" class=\"attachment-post-thumbnail size-post-thumbnail\" alt=\"\" srcset=\"https:\/\/florence.schaeffer-lancelot.fr\/wp-content\/uploads\/2020\/10\/IMG_4861-600x800.jpg 600w, https:\/\/florence.schaeffer-lancelot.fr\/wp-content\/uploads\/2020\/10\/IMG_4861-224x300.jpg 224w\" sizes=\"(max-width: 600px) 100vw, 600px\" \/><\/a>\n\t\t\t<\/div><\/figure><figure class='gallery-item'>\n\t\t\t<div class='gallery-icon portrait'>\n\t\t\t\t<a data-elementor-open-lightbox=\"yes\" data-elementor-lightbox-slideshow=\"4730452\" data-elementor-lightbox-title=\"IMG_4853\" href='https:\/\/florence.schaeffer-lancelot.fr\/wp-content\/uploads\/2020\/10\/IMG_4853-scaled.jpg'><img loading=\"lazy\" decoding=\"async\" width=\"600\" height=\"800\" src=\"https:\/\/florence.schaeffer-lancelot.fr\/wp-content\/uploads\/2020\/10\/IMG_4853-600x800.jpg\" class=\"attachment-post-thumbnail size-post-thumbnail\" alt=\"\" srcset=\"https:\/\/florence.schaeffer-lancelot.fr\/wp-content\/uploads\/2020\/10\/IMG_4853-600x800.jpg 600w, https:\/\/florence.schaeffer-lancelot.fr\/wp-content\/uploads\/2020\/10\/IMG_4853-224x300.jpg 224w\" sizes=\"(max-width: 600px) 100vw, 600px\" \/><\/a>\n\t\t\t<\/div><\/figure><figure class='gallery-item'>\n\t\t\t<div class='gallery-icon portrait'>\n\t\t\t\t<a data-elementor-open-lightbox=\"yes\" data-elementor-lightbox-slideshow=\"4730452\" data-elementor-lightbox-title=\"IMG_4892\" href='https:\/\/florence.schaeffer-lancelot.fr\/wp-content\/uploads\/2020\/10\/IMG_4892-scaled.jpg'><img loading=\"lazy\" decoding=\"async\" width=\"600\" height=\"800\" src=\"https:\/\/florence.schaeffer-lancelot.fr\/wp-content\/uploads\/2020\/10\/IMG_4892-600x800.jpg\" class=\"attachment-post-thumbnail size-post-thumbnail\" alt=\"\" srcset=\"https:\/\/florence.schaeffer-lancelot.fr\/wp-content\/uploads\/2020\/10\/IMG_4892-600x800.jpg 600w, https:\/\/florence.schaeffer-lancelot.fr\/wp-content\/uploads\/2020\/10\/IMG_4892-224x300.jpg 224w\" sizes=\"(max-width: 600px) 100vw, 600px\" \/><\/a>\n\t\t\t<\/div><\/figure><figure class='gallery-item'>\n\t\t\t<div class='gallery-icon portrait'>\n\t\t\t\t<a data-elementor-open-lightbox=\"yes\" data-elementor-lightbox-slideshow=\"4730452\" data-elementor-lightbox-title=\"IMG_4899\" href='https:\/\/florence.schaeffer-lancelot.fr\/wp-content\/uploads\/2020\/10\/IMG_4899-scaled.jpg'><img loading=\"lazy\" decoding=\"async\" width=\"600\" height=\"800\" src=\"https:\/\/florence.schaeffer-lancelot.fr\/wp-content\/uploads\/2020\/10\/IMG_4899-600x800.jpg\" class=\"attachment-post-thumbnail size-post-thumbnail\" alt=\"\" srcset=\"https:\/\/florence.schaeffer-lancelot.fr\/wp-content\/uploads\/2020\/10\/IMG_4899-600x800.jpg 600w, https:\/\/florence.schaeffer-lancelot.fr\/wp-content\/uploads\/2020\/10\/IMG_4899-224x300.jpg 224w\" sizes=\"(max-width: 600px) 100vw, 600px\" \/><\/a>\n\t\t\t<\/div><\/figure><figure class='gallery-item'>\n\t\t\t<div class='gallery-icon portrait'>\n\t\t\t\t<a data-elementor-open-lightbox=\"yes\" data-elementor-lightbox-slideshow=\"4730452\" data-elementor-lightbox-title=\"IMG_4893\" href='https:\/\/florence.schaeffer-lancelot.fr\/wp-content\/uploads\/2020\/10\/IMG_4893-scaled.jpg'><img loading=\"lazy\" decoding=\"async\" width=\"600\" height=\"800\" src=\"https:\/\/florence.schaeffer-lancelot.fr\/wp-content\/uploads\/2020\/10\/IMG_4893-600x800.jpg\" class=\"attachment-post-thumbnail size-post-thumbnail\" alt=\"\" srcset=\"https:\/\/florence.schaeffer-lancelot.fr\/wp-content\/uploads\/2020\/10\/IMG_4893-600x800.jpg 600w, https:\/\/florence.schaeffer-lancelot.fr\/wp-content\/uploads\/2020\/10\/IMG_4893-224x300.jpg 224w\" sizes=\"(max-width: 600px) 100vw, 600px\" \/><\/a>\n\t\t\t<\/div><\/figure><figure class='gallery-item'>\n\t\t\t<div class='gallery-icon portrait'>\n\t\t\t\t<a data-elementor-open-lightbox=\"yes\" data-elementor-lightbox-slideshow=\"4730452\" data-elementor-lightbox-title=\"DSCN0492\" href='https:\/\/florence.schaeffer-lancelot.fr\/wp-content\/uploads\/2020\/10\/DSCN0492-scaled.jpg'><img loading=\"lazy\" decoding=\"async\" width=\"600\" height=\"800\" src=\"https:\/\/florence.schaeffer-lancelot.fr\/wp-content\/uploads\/2020\/10\/DSCN0492-600x800.jpg\" class=\"attachment-post-thumbnail size-post-thumbnail\" alt=\"\" srcset=\"https:\/\/florence.schaeffer-lancelot.fr\/wp-content\/uploads\/2020\/10\/DSCN0492-600x800.jpg 600w, https:\/\/florence.schaeffer-lancelot.fr\/wp-content\/uploads\/2020\/10\/DSCN0492-225x300.jpg 225w, https:\/\/florence.schaeffer-lancelot.fr\/wp-content\/uploads\/2020\/10\/DSCN0492-768x1024.jpg 768w, https:\/\/florence.schaeffer-lancelot.fr\/wp-content\/uploads\/2020\/10\/DSCN0492-1152x1536.jpg 1152w, https:\/\/florence.schaeffer-lancelot.fr\/wp-content\/uploads\/2020\/10\/DSCN0492-1536x2048.jpg 1536w, https:\/\/florence.schaeffer-lancelot.fr\/wp-content\/uploads\/2020\/10\/DSCN0492-scaled.jpg 1920w\" sizes=\"(max-width: 600px) 100vw, 600px\" \/><\/a>\n\t\t\t<\/div><\/figure>\n\t\t<\/div>\n\t\t<\/div>\n\t\t\t\t<\/div>\n\t\t\t\t<\/div>\n\t\t\t\t\t\t<\/div>\n\t\t\t\t\t<\/div>\n\t\t<\/div>\n\t\t\t\t\t\t\t\t<\/div>\n\t\t\t\t\t<\/div>\n\t\t<\/section>\n\t\t\t\t\t\t<\/div>\n\t\t\t\t\t\t<\/div>\n\t\t\t\t\t<\/div>\n\t\t","protected":false},"excerpt":{"rendered":"<p>Juillet 2020 Installation sur le th\u00e8me de la Loire &#8211; en cours de r\u00e9alisation&#8230; 2015 Exposition M\u00e9moire Textile &#8211; Installation \u00e0 la Galerie du Minage [&hellip;]<\/p>\n","protected":false},"author":1,"featured_media":0,"parent":0,"menu_order":0,"comment_status":"closed","ping_status":"closed","template":"elementor_header_footer","meta":{"ngg_post_thumbnail":0,"footnotes":""},"class_list":["post-1142","page","type-page","status-publish","hentry"],"_links":{"self":[{"href":"https:\/\/florence.schaeffer-lancelot.fr\/index.php\/wp-json\/wp\/v2\/pages\/1142"}],"collection":[{"href":"https:\/\/florence.schaeffer-lancelot.fr\/index.php\/wp-json\/wp\/v2\/pages"}],"about":[{"href":"https:\/\/florence.schaeffer-lancelot.fr\/index.php\/wp-json\/wp\/v2\/types\/page"}],"author":[{"embeddable":true,"href":"https:\/\/florence.schaeffer-lancelot.fr\/index.php\/wp-json\/wp\/v2\/users\/1"}],"replies":[{"embeddable":true,"href":"https:\/\/florence.schaeffer-lancelot.fr\/index.php\/wp-json\/wp\/v2\/comments?post=1142"}],"version-history":[{"count":15,"href":"https:\/\/florence.schaeffer-lancelot.fr\/index.php\/wp-json\/wp\/v2\/pages\/1142\/revisions"}],"predecessor-version":[{"id":1344,"href":"https:\/\/florence.schaeffer-lancelot.fr\/index.php\/wp-json\/wp\/v2\/pages\/1142\/revisions\/1344"}],"wp:attachment":[{"href":"https:\/\/florence.schaeffer-lancelot.fr\/index.php\/wp-json\/wp\/v2\/media?parent=1142"}],"curies":[{"name":"wp","href":"https:\/\/api.w.org\/{rel}","templated":true}]}}